{"id":32,"date":"2022-02-07T11:17:00","date_gmt":"2022-02-07T10:17:00","guid":{"rendered":"http:\/\/newykpczestochowa.ugporaj.pl\/?page_id=32"},"modified":"2022-02-07T11:17:00","modified_gmt":"2022-02-07T10:17:00","slug":"historia","status":"publish","type":"page","link":"http:\/\/newykpczestochowa.ugporaj.pl\/?page_id=32","title":{"rendered":"Historia"},"content":{"rendered":"<div id=\"imCel0_00\">\n<div id=\"imCel0_00_Cont\">\n<div id=\"imObj0_00\">\n<p class=\"imAlign_justify\"><span class=\"ff3 fc3 fs10 \">WST\u0118P<\/p>\n<p>\u017beglarstwo w kraju i regionie cz\u0119stochowskim do 1989 roku rozwija\u0142o si\u0119 dynamicznie, a spo\u0142eczno\u015b\u0107 \u017ceglarska potrafi\u0142a mimo r\u00f3\u017cnych nacisk\u00f3w administracyjno &#8211; politycznych tworzy\u0107 atmosfer\u0119 rodzinn\u0105. Tej atmosfery zazdro\u015bci\u0142o \u017ceglarzom wielu dzia\u0142aczy innych dyscyplin sportowych.<br \/>\nW dawnym wojew\u00f3dztwie cz\u0119stochowskim najwi\u0119kszy rozkwit \u017ceglarstwa nast\u0105pi\u0142 po powo\u0142aniu 1.01.1976 Cz\u0119stochowskiego Okr\u0119gowego Zwi\u0105zku \u017beglarskiego. Z trzech do tej chwili dzia\u0142aj\u0105cych klub\u00f3w plus harcerskich wodniak\u00f3w, ilo\u015b\u0107 klub\u00f3w do 1990 roku wzros\u0142a a\u017c do 17-tu. W tym te\u017c czasie stworzono i zagospodarowano nad zalewem w Poraju (700ha lustra wody) Mi\u0119dzyklubowy O\u015brodek \u017beglarski, oddany \u017ceglarzom w u\u017cytkowanie w maju 1985 roku \u2013 wyposa\u017cony w port \u017ceglarski z infrastruktur\u0105, pole namiotowe, parking, urz\u0105dzenia sanitarne, ogrodzenie oraz instalacj\u0119 wodoci\u0105gow\u0105 i energi\u0119 elektryczn\u0105, a tak\u017ce siedziby klubowe i OZ\u017b.<br \/>\nTo wszystko wykonali spo\u0142ecznie \u017ceglarze z pomoc\u0105 finansow\u0105 i techniczn\u0105 zak\u0142ad\u00f3w pracy patronuj\u0105cych ich 17-tu klubom. Po latach \u201et\u0142ustych\u201d nadesz\u0142y \u201echude\u201d. Za spraw\u0105 zmian ustrojowo \u2013 gospodarczych w kraju, dobra kondycja naszego \u017ceglarstwa zacz\u0119\u0142a upada\u0107. Zmieni\u0142a si\u0119 atmosfera dla \u017ceglarstwa. Zak\u0142ady patronuj\u0105ce w procesach prywatyzacji zapomnia\u0142y o klubach, a sprz\u0119t i wyposa\u017cenie klub\u00f3w stanowi\u0105ce w\u0142asno\u015b\u0107 zak\u0142ad\u00f3w opieku\u0144czych zosta\u0142a za bezcen rozsprzedawana wg uznania, lub po prostu rozkradziona. W taki spos\u00f3b znikn\u0119\u0142o 12 klub\u00f3w, a \u017ceglarzy z tych klub\u00f3w szacuje si\u0119 na ponad 350 os\u00f3b plus rzesz\u0119 sympatyk\u00f3w z rodzinami. Taki kryzys dla nas, \u017ceglarzy, by\u0142 nie do przewidzenia. I w\u0142a\u015bnie w tych trudnych chwilach trzeba by\u0142o znale\u017a\u0107 rozwi\u0105zanie. By\u0142a mo\u017cliwo\u015b\u0107 zasilenia klub\u00f3w, kt\u00f3re nie uleg\u0142y likwidacji i z niej skorzysta\u0142a cz\u0119\u015b\u0107, cho\u0107 nieliczna, \u017ceglarzy. Drugim w dyskusjach, uznanym za najpraktyczniejszy, by\u0142 zamys\u0142 powo\u0142ania nowego klubu jako stowarzyszenia kultury fizycznej z osobowo\u015bci\u0105 prawn\u0105, odpowiadaj\u0105c\u0105 wymogom ustawy o stowarzyszeniach, a wi\u0119c klubu \u017ceglarskiego. Dyskusj\u0119 tak\u0105 podj\u0119to ju\u017c na pocz\u0105tku roku 1994. Koordynacji tej inicjatywy podj\u0119li si\u0119 kol. Czes\u0142aw B\u0105czy\u0144ski, Jerzy Doli\u0144ski, Andrzej Mrozi\u0144ski i Miros\u0142aw Staroniek. Bardzo pomocne sta\u0142y si\u0119 tutaj historie znanych klub\u00f3w w Polsce. Rozpoznano je i na wniosek najstarszego wiekiem z wymienionej grupy koordynacyjnej przyj\u0119to jako wzorzec YACHT KLUB POLSKI (najstarszy z klub\u00f3w), za\u0142o\u017cony w 1924 roku. Propozycj\u0119 przekazano pod dyskusj\u0119 szerszemu \u015brodowisku. Do\u015b\u0107 szybko pomys\u0142 ten uzyska\u0142 poparcie przez wi\u0119kszo\u015b\u0107, a wi\u0119c sta\u0142 si\u0119 celem do realizacji.<\/p>\n<p>DLACZEGO TAKI KLUB?<\/p>\n<p>YACHT KLUB POLSKI jest stowarzyszeniem cz\u0142onk\u00f3w i stowarzysze\u0144 wiernie dotrzymuj\u0105cych zasad tradycji \u017ceglarskich w szerokim tego s\u0142owa znaczeniu. Budowa YKP honorowana i znana na ca\u0142ym \u015bwiecie \u2013 wpisana do rejestru Lloyd&#8217;s Register of Yacht&#8217;s, stanowi symbol przynale\u017cno\u015bci do YKP i jednocze\u015bnie jest wyrazem patriotyzmu. W 1927 roku Minister Spraw Wewn\u0119trznych w porozumieniu z Ministrem Spraw Wojskowych reskryptem z 26 II 1927r udzieli\u0142 prawa Yacht klubowi Polski na u\u017cywanie bandery Marynarki Wojennej, z tym, \u017ce w g\u00f3rnym lewym rogu bia\u0142ego pasa znajdowa\u0107 si\u0119 ma nadto czerwony sko\u015bny krzy\u017c z niebiesk\u0105 obw\u00f3dk\u0105 tzn. god\u0142o YKP. A za tym statki i \u0142odzie klubowe p\u0142ywaj\u0105 pod bander\u0105 i proporcem Yacht Klubu Polski \u201ezar\u00f3wno w kraju jak i poza granicami na morzu\u201d.<br \/>\nPierwszym Komandorem by\u0142 genera\u0142 Mariusz Zaruski. Za\u0142o\u017cycielami YKP w 1924 r byli mi\u0119dzy innymi:<br \/>\n&#8211; Aleksandrowicz Antoni<br \/>\n&#8211; Stankiewicz Jan<br \/>\n&#8211; Szwykowski Ludwik<br \/>\nCz\u0142onkami YKP byli lub s\u0105 mi\u0119dzy innymi Dariusz Bogucki, Witold Doroszewski, W\u0142odzimierz G\u0142owacki, Tony Halik, Mateusz Kusznierewicz, Czes\u0142aw Marchaj, Stefan Starzy\u0144ski, Stefan Wysocki. Dzia\u0142ali tu konstruktorzy Antoni Aleksandrowicz, Juliusz Sieradzki, Witold Tobis.<br \/>\nPowy\u017csze to tylko cz\u0105stka wiedzy z historii YKP. Ch\u0119tnych do pe\u0142nej wiedzy odsy\u0142amy do wydawnictwa \u2013 ksi\u0105\u017cki YACHT KLUB POLSKI 1924-1999 \u201eZARYS HISTORII I DZIE\u0143 DZiSIEJSZY\u201d, opracowanie zbiorowe 1999r.<\/p>\n<p>RYS HISTORYCZNY YACHT KLUBU POLSKI CZ\u0118STOCHOWA<\/p>\n<p>My\u015bl potrzeby powo\u0142ania Klubu podj\u0119to w 1994 roku, a faktyczne urz\u0119dowe zalegalizowanie Klubu nast\u0105pi\u0142o dnia 5.12.1996 na mocy decyzji s\u0105du wojew\u00f3dzkiego o wpisaniu go do rejestru stowarzysze\u0144 kultury fizycznej pod nr 135 dzia\u0142 A. Odt\u0105d posiada osobowo\u015b\u0107 prawn\u0105. Zatwierdzony zosta\u0142 te\u017c statut Klubu opracowany przez komitet za\u0142o\u017cycielski w sk\u0142adzie:<br \/>\n&#8211; Jerzy Doli\u0144ski \u2013 przewodnicz\u0105cy<br \/>\n&#8211; Czes\u0142aw B\u0105czy\u0144ski \u2013 cz\u0142onek<br \/>\n&#8211; Andrzej Mrozi\u0144ski \u2013 cz\u0142onek<br \/>\n&#8211; Miros\u0142aw Staroniek &#8211; cz\u0142onek<br \/>\nwybrany po\u015br\u00f3d grupy za\u0142o\u017cycieli (17 os\u00f3b). Wykaz osobowy w kronice klubu. Siedziba klubu znajdowa\u0142a si\u0119 w\u00f3wczas na ul. Przybyszewskiego 14 w Cz\u0119stochowie, w prywatnej posiad\u0142o\u015bci kol. Andrzeja Mrozi\u0144skiego u\u017cyczonej bezp\u0142atnie. 12 kwietnia 1997 YKP Cz\u0119stochowa zostaje przyj\u0119ty przez Zarz\u0105d G\u0142\u00f3wny YKP w Warszawie do rodziny Yacht Klub\u00f3w Polski jako 17-ty klub i uzyskuje Klubowy Patent Flagowy upowa\u017cniaj\u0105cy do prawa noszenia bandery YKP.<\/p>\n<p>Cz\u0142onkowie klubu bior\u0105 czynny udzia\u0142 we w\u0142adzach statutowych Zarz\u0105du G\u0142\u00f3wnego YKP w Warszawie i w\u0142adzach OZ\u017b w Cz\u0119stochowie.<br \/>\nW wyniku doceniania tego dzia\u0142ania ni\u017cej wymienieni cz\u0142onkowie zostali uhonorowani wyr\u00f3\u017cnieniami YKP:<\/span><span class=\"ff3 fc0 fs10 \"><br \/>\n<\/span><\/p>\n<\/div>\n<\/div>\n<\/div>\n<div id=\"imCel0_01\">\n<div id=\"imCel0_01_Cont\">\n<div id=\"imObj0_01\">\n<p class=\"imAlign_justify\"><span class=\"ff2 fc3 fs10 \"><br \/>\nKOMANDORIA<br \/>\n\u2013 Jerzy Doli\u0144ski (2005)<br \/>\n\u2013 Kazimierz Manowski (2009)<br \/>\n\u2013 Jan Baczy\u0144ski (2011)<br \/>\n\u2013 Jerzy Mazik (2014)<br \/>\n\u2013 Adam G\u00f3ra (2016)<\/p>\n<p>MEDALEM ZA ZAS\u0141UGI DLA YKP W POLSCE:<\/p>\n<p>SREBRNYM:<br \/>\n<\/span><\/p>\n<p class=\"imAlign_right\"><span class=\"ff2 fc3 fs10 \">\u2013 P.H.P. \u201eSTROBET\u201d Czes\u0142aw B\u0105czy\u0144ski (sponsor klubu)<br \/>\n\u2013 Firma Goldegs Arkadiusz Rybak (2011)<br \/>\n<\/span><\/p>\n<p class=\"imAlign_justify\"><span class=\"ff2 fc3 fs10 \">BR\u0104ZOWYM:<br \/>\n<\/span><\/p>\n<p class=\"imAlign_right\"><span class=\"ff2 fc3 fs10 \">2009<br \/>\n\u2013 Jerzy Mazik, Jan Baczy\u0144ski<br \/>\n2011<br \/>\n\u2013 Janusz Ko\u0142odziejczuk, Adam G\u00f3ra, Piotr Klimecki<br \/>\n2012<br \/>\n\u2013 Marek Zio\u0142o<br \/>\n2016<br \/>\n\u2013 Andrzej Buksi\u0144ski, Krzysztof Bejm<br \/>\n<\/span><\/p>\n<p class=\"imAlign_justify\"><span class=\"ff2 fc3 fs10 \"><br \/>\nWICEKOMANDOR HONOROWY YKP<br \/>\n\u2013 Jerzy Doli\u0144ski (2009)<\/p>\n<p>OSOBISTE PATENTY FLAGOWE<br \/>\nw kolejno\u015bci rejestru (nr patentu i data nadania):<br \/>\n1. Jerzy Doli\u0144ski &#8211; nr patentu 254 &#8211; 25.03.2000<br \/>\n2. Czes\u0142aw B\u0105czy\u0144ski &#8211; 255 &#8211; 25.03.2000<br \/>\n3. Grzegorz Lipowski &#8211; 256 &#8211; 25.11.2000<br \/>\n4. Kazimierz Manowski &#8211; 257 &#8211; 25.11.2000<br \/>\n5. Marek Nizielski &#8211; 258 &#8211; 25.11.2000<br \/>\n6. Miros\u0142aw Staroniek &#8211; 259 &#8211; 25.11.2000<br \/>\n7. Jan Baczy\u0144ski &#8211; 269 &#8211; 06.04.2002<br \/>\n8. Adam G\u00f3ra &#8211; 270 &#8211; 06.04.2002<br \/>\n9. Ireneusz Kita &#8211; 271 &#8211; 06.04.2002<br \/>\n10. Wojciech Maternicki &#8211; 272 &#8211; 06.04.2002<br \/>\n11. Jerzy Mazik &#8211; 280 &#8211; 26.04.2003<br \/>\n12. Tadeusz Karewicz &#8211; 281 &#8211; 26.04.2003<br \/>\n13. Zbigniew Hofma\u0144ski &#8211; 295 &#8211; 27.03.2004<br \/>\n14. Janusz Ko\u0142odziejczuk- 296 &#8211; 27.03.2004<br \/>\n15. Andrzej Buksi\u0144ski &#8211; 391 &#8211; 18.03.2009<br \/>\n16. Piotr Klimecki &#8211; 392 &#8211; 18.03.2009<br \/>\n<\/span><\/p>\n<p class=\"imAlign_left\"><span class=\"ff2 fc3 fs10 \">17. Marek Zio\u0142o &#8211; 393 &#8211; 18.03.2009<\/span><\/p>\n<\/div>\n<\/div>\n<\/div>\n","protected":false},"excerpt":{"rendered":"<p>WST\u0118P \u017beglarstwo w kraju i regionie cz\u0119stochowskim do 1989 roku rozwija\u0142o si\u0119 dynamicznie, a spo\u0142eczno\u015b\u0107 \u017ceglarska potrafi\u0142a mimo r\u00f3\u017cnych nacisk\u00f3w administracyjno &#8211; politycznych tworzy\u0107 atmosfer\u0119 rodzinn\u0105. Tej atmosfery zazdro\u015bci\u0142o \u017ceglarzom wielu dzia\u0142aczy innych dyscyplin sportowych. W dawnym wojew\u00f3dztwie cz\u0119stochowskim najwi\u0119kszy rozkwit \u017ceglarstwa nast\u0105pi\u0142 po powo\u0142aniu 1.01.1976 Cz\u0119stochowskiego Okr\u0119gowego Zwi\u0105zku \u017beglarskiego. Z trzech do tej chwili [&hellip;]<\/p>\n","protected":false},"author":1,"featured_media":33,"parent":0,"menu_order":0,"comment_status":"closed","ping_status":"closed","template":"","meta":{"footnotes":""},"class_list":["post-32","page","type-page","status-publish","has-post-thumbnail","hentry"],"_links":{"self":[{"href":"http:\/\/newykpczestochowa.ugporaj.pl\/index.php?rest_route=\/wp\/v2\/pages\/32","targetHints":{"allow":["GET"]}}],"collection":[{"href":"http:\/\/newykpczestochowa.ugporaj.pl\/index.php?rest_route=\/wp\/v2\/pages"}],"about":[{"href":"http:\/\/newykpczestochowa.ugporaj.pl\/index.php?rest_route=\/wp\/v2\/types\/page"}],"author":[{"embeddable":true,"href":"http:\/\/newykpczestochowa.ugporaj.pl\/index.php?rest_route=\/wp\/v2\/users\/1"}],"replies":[{"embeddable":true,"href":"http:\/\/newykpczestochowa.ugporaj.pl\/index.php?rest_route=%2Fwp%2Fv2%2Fcomments&post=32"}],"version-history":[{"count":1,"href":"http:\/\/newykpczestochowa.ugporaj.pl\/index.php?rest_route=\/wp\/v2\/pages\/32\/revisions"}],"predecessor-version":[{"id":34,"href":"http:\/\/newykpczestochowa.ugporaj.pl\/index.php?rest_route=\/wp\/v2\/pages\/32\/revisions\/34"}],"wp:featuredmedia":[{"embeddable":true,"href":"http:\/\/newykpczestochowa.ugporaj.pl\/index.php?rest_route=\/wp\/v2\/media\/33"}],"wp:attachment":[{"href":"http:\/\/newykpczestochowa.ugporaj.pl\/index.php?rest_route=%2Fwp%2Fv2%2Fmedia&parent=32"}],"curies":[{"name":"wp","href":"https:\/\/api.w.org\/{rel}","templated":true}]}}